{"id":46,"date":"2022-03-23T09:03:07","date_gmt":"2022-03-23T09:03:07","guid":{"rendered":"https:\/\/asc-com.de\/?page_id=46"},"modified":"2022-03-23T14:21:42","modified_gmt":"2022-03-23T14:21:42","slug":"home","status":"publish","type":"page","link":"https:\/\/asc-com.de\/","title":{"rendered":"Home"},"content":{"rendered":"\t\t<div data-elementor-type=\"wp-page\" data-elementor-id=\"46\" class=\"elementor elementor-46\">\n\t\t\t\t\t\t\t\t\t<section class=\"elementor-section elementor-top-section elementor-element elementor-element-a4c9999 elementor-section-full_width elementor-section-height-default elementor-section-height-default\" data-id=\"a4c9999\" data-element_type=\"section\">\n\t\t\t\t\t\t<div class=\"elementor-container elementor-column-gap-narrow\">\n\t\t\t\t\t<div class=\"elementor-column elementor-col-100 elementor-top-column elementor-element elementor-element-03fb7d4\" data-id=\"03fb7d4\" data-element_type=\"column\">\n\t\t\t<div class=\"elementor-widget-wrap elementor-element-populated\">\n\t\t\t\t\t\t\t\t<div class=\"elementor-element elementor-element-112d4cd elementor-widget__width-inherit elementor-widget elementor-widget-image\" data-id=\"112d4cd\" data-element_type=\"widget\" data-widget_type=\"image.default\">\n\t\t\t\t<div class=\"elementor-widget-container\">\n\t\t\t<style>\/*! elementor - v3.7.7 - 20-09-2022 *\/\n.elementor-widget-image{text-align:center}.elementor-widget-image a{display:inline-block}.elementor-widget-image a img[src$=\".svg\"]{width:48px}.elementor-widget-image img{vertical-align:middle;display:inline-block}<\/style>\t\t\t\t\t\t\t\t\t\t\t\t<img loading=\"lazy\" decoding=\"async\" width=\"1280\" height=\"720\" src=\"https:\/\/asc-com.de\/wp-content\/uploads\/2022\/03\/Slide1.jpg\" class=\"attachment-full size-full\" alt=\"\" srcset=\"https:\/\/asc-com.de\/wp-content\/uploads\/2022\/03\/Slide1.jpg 1280w, https:\/\/asc-com.de\/wp-content\/uploads\/2022\/03\/Slide1-300x169.jpg 300w, https:\/\/asc-com.de\/wp-content\/uploads\/2022\/03\/Slide1-1024x576.jpg 1024w, https:\/\/asc-com.de\/wp-content\/uploads\/2022\/03\/Slide1-768x432.jpg 768w\" sizes=\"auto, (max-width: 1280px) 100vw, 1280px\" \/>\t\t\t\t\t\t\t\t\t\t\t\t\t\t\t<\/div>\n\t\t\t\t<\/div>\n\t\t\t\t\t<\/div>\n\t\t<\/div>\n\t\t\t\t\t\t\t<\/div>\n\t\t<\/section>\n\t\t\t\t<section class=\"elementor-section elementor-top-section elementor-element elementor-element-6f4bc61a elementor-section-content-middle elementor-section-boxed elementor-section-height-default elementor-section-height-default\" data-id=\"6f4bc61a\" data-element_type=\"section\">\n\t\t\t\t\t\t<div class=\"elementor-container elementor-column-gap-no\">\n\t\t\t\t\t<div class=\"elementor-column elementor-col-100 elementor-top-column elementor-element elementor-element-3765167c\" data-id=\"3765167c\" data-element_type=\"column\">\n\t\t\t<div class=\"elementor-widget-wrap elementor-element-populated\">\n\t\t\t\t\t\t\t\t<div class=\"elementor-element elementor-element-7aba4c83 elementor-invisible elementor-widget elementor-widget-heading\" data-id=\"7aba4c83\" data-element_type=\"widget\" data-settings=\"{&quot;_animation&quot;:&quot;fadeIn&quot;}\" data-widget_type=\"heading.default\">\n\t\t\t\t<div class=\"elementor-widget-container\">\n\t\t\t<style>\/*! elementor - v3.7.7 - 20-09-2022 *\/\n.elementor-heading-title{padding:0;margin:0;line-height:1}.elementor-widget-heading .elementor-heading-title[class*=elementor-size-]>a{color:inherit;font-size:inherit;line-height:inherit}.elementor-widget-heading .elementor-heading-title.elementor-size-small{font-size:15px}.elementor-widget-heading .elementor-heading-title.elementor-size-medium{font-size:19px}.elementor-widget-heading .elementor-heading-title.elementor-size-large{font-size:29px}.elementor-widget-heading .elementor-heading-title.elementor-size-xl{font-size:39px}.elementor-widget-heading .elementor-heading-title.elementor-size-xxl{font-size:59px}<\/style><h4 class=\"elementor-heading-title elementor-size-default\"><a href=\"https:\/\/asc-com.de\/index.php\/unsere-leistungen\/\">Leistungen<\/a><\/h4>\t\t<\/div>\n\t\t\t\t<\/div>\n\t\t\t\t<section class=\"elementor-section elementor-inner-section elementor-element elementor-element-4e2c9005 elementor-section-content-middle elementor-section-boxed elementor-section-height-default elementor-section-height-default\" data-id=\"4e2c9005\" data-element_type=\"section\">\n\t\t\t\t\t\t<div class=\"elementor-container elementor-column-gap-no\">\n\t\t\t\t\t<div class=\"elementor-column elementor-col-33 elementor-inner-column elementor-element elementor-element-7407f9a9\" data-id=\"7407f9a9\" data-element_type=\"column\">\n\t\t\t<div class=\"elementor-widget-wrap elementor-element-populated\">\n\t\t\t\t\t\t\t\t<div class=\"elementor-element elementor-element-2004308e elementor-position-top elementor-vertical-align-top elementor-widget elementor-widget-image-box\" data-id=\"2004308e\" data-element_type=\"widget\" data-widget_type=\"image-box.default\">\n\t\t\t\t<div class=\"elementor-widget-container\">\n\t\t\t<style>\/*! elementor - v3.7.7 - 20-09-2022 *\/\n.elementor-widget-image-box .elementor-image-box-content{width:100%}@media (min-width:768px){.elementor-widget-image-box.elementor-position-left .elementor-image-box-wrapper,.elementor-widget-image-box.elementor-position-right .elementor-image-box-wrapper{display:-webkit-box;display:-ms-flexbox;display:flex}.elementor-widget-image-box.elementor-position-right .elementor-image-box-wrapper{text-align:right;-webkit-box-orient:horizontal;-webkit-box-direction:reverse;-ms-flex-direction:row-reverse;flex-direction:row-reverse}.elementor-widget-image-box.elementor-position-left .elementor-image-box-wrapper{text-align:left;-webkit-box-orient:horizontal;-webkit-box-direction:normal;-ms-flex-direction:row;flex-direction:row}.elementor-widget-image-box.elementor-position-top .elementor-image-box-img{margin:auto}.elementor-widget-image-box.elementor-vertical-align-top .elementor-image-box-wrapper{-webkit-box-align:start;-ms-flex-align:start;align-items:flex-start}.elementor-widget-image-box.elementor-vertical-align-middle .elementor-image-box-wrapper{-webkit-box-align:center;-ms-flex-align:center;align-items:center}.elementor-widget-image-box.elementor-vertical-align-bottom .elementor-image-box-wrapper{-webkit-box-align:end;-ms-flex-align:end;align-items:flex-end}}@media (max-width:767px){.elementor-widget-image-box .elementor-image-box-img{margin-left:auto!important;margin-right:auto!important;margin-bottom:15px}}.elementor-widget-image-box .elementor-image-box-img{display:inline-block}.elementor-widget-image-box .elementor-image-box-title a{color:inherit}.elementor-widget-image-box .elementor-image-box-wrapper{text-align:center}.elementor-widget-image-box .elementor-image-box-description{margin:0}<\/style><div class=\"elementor-image-box-wrapper\"><figure class=\"elementor-image-box-img\"><img loading=\"lazy\" decoding=\"async\" width=\"256\" height=\"256\" src=\"https:\/\/asc-com.de\/wp-content\/uploads\/2022\/03\/domain-registration.png\" class=\"elementor-animation-grow attachment-full size-full\" alt=\"\" \/><\/figure><div class=\"elementor-image-box-content\"><h3 class=\"elementor-image-box-title\">Planung<\/h3><p class=\"elementor-image-box-description\">Professionelle IT-TK Fachplanungen<\/p><\/div><\/div>\t\t<\/div>\n\t\t\t\t<\/div>\n\t\t\t\t<div class=\"elementor-element elementor-element-74716c9 elementor-align-center elementor-widget elementor-widget-button\" data-id=\"74716c9\" data-element_type=\"widget\" data-widget_type=\"button.default\">\n\t\t\t\t<div class=\"elementor-widget-container\">\n\t\t\t\t\t<div class=\"elementor-button-wrapper\">\n\t\t\t<a href=\"#\" class=\"elementor-button-link elementor-button elementor-size-sm elementor-animation-shrink\" role=\"button\">\n\t\t\t\t\t\t<span class=\"elementor-button-content-wrapper\">\n\t\t\t\t\t\t<span class=\"elementor-button-text\">Hier Klicken<\/span>\n\t\t<\/span>\n\t\t\t\t\t<\/a>\n\t\t<\/div>\n\t\t\t\t<\/div>\n\t\t\t\t<\/div>\n\t\t\t\t\t<\/div>\n\t\t<\/div>\n\t\t\t\t<div class=\"elementor-column elementor-col-33 elementor-inner-column elementor-element elementor-element-4dc8a81c\" data-id=\"4dc8a81c\" data-element_type=\"column\">\n\t\t\t<div class=\"elementor-widget-wrap elementor-element-populated\">\n\t\t\t\t\t\t\t\t<div class=\"elementor-element elementor-element-28f14f93 elementor-position-top elementor-vertical-align-top elementor-widget elementor-widget-image-box\" data-id=\"28f14f93\" data-element_type=\"widget\" data-widget_type=\"image-box.default\">\n\t\t\t\t<div class=\"elementor-widget-container\">\n\t\t\t<div class=\"elementor-image-box-wrapper\"><figure class=\"elementor-image-box-img\"><img loading=\"lazy\" decoding=\"async\" width=\"256\" height=\"256\" src=\"https:\/\/asc-com.de\/wp-content\/uploads\/2022\/03\/flyer.png\" class=\"elementor-animation-grow attachment-full size-full\" alt=\"\" \/><\/figure><div class=\"elementor-image-box-content\"><h3 class=\"elementor-image-box-title\">Baubegleitung<\/h3><p class=\"elementor-image-box-description\">Baubegleitung Ihrer Umbauprojekte<\/p><\/div><\/div>\t\t<\/div>\n\t\t\t\t<\/div>\n\t\t\t\t<div class=\"elementor-element elementor-element-601d8e0 elementor-align-center elementor-widget elementor-widget-button\" data-id=\"601d8e0\" data-element_type=\"widget\" data-widget_type=\"button.default\">\n\t\t\t\t<div class=\"elementor-widget-container\">\n\t\t\t\t\t<div class=\"elementor-button-wrapper\">\n\t\t\t<a href=\"#\" class=\"elementor-button-link elementor-button elementor-size-sm elementor-animation-shrink\" role=\"button\">\n\t\t\t\t\t\t<span class=\"elementor-button-content-wrapper\">\n\t\t\t\t\t\t<span class=\"elementor-button-text\">Hier Klicken<\/span>\n\t\t<\/span>\n\t\t\t\t\t<\/a>\n\t\t<\/div>\n\t\t\t\t<\/div>\n\t\t\t\t<\/div>\n\t\t\t\t\t<\/div>\n\t\t<\/div>\n\t\t\t\t<div class=\"elementor-column elementor-col-33 elementor-inner-column elementor-element elementor-element-232d3cf6\" data-id=\"232d3cf6\" data-element_type=\"column\">\n\t\t\t<div class=\"elementor-widget-wrap elementor-element-populated\">\n\t\t\t\t\t\t\t\t<div class=\"elementor-element elementor-element-2262122d elementor-position-top elementor-vertical-align-top elementor-widget elementor-widget-image-box\" data-id=\"2262122d\" data-element_type=\"widget\" data-widget_type=\"image-box.default\">\n\t\t\t\t<div class=\"elementor-widget-container\">\n\t\t\t<div class=\"elementor-image-box-wrapper\"><figure class=\"elementor-image-box-img\"><img loading=\"lazy\" decoding=\"async\" width=\"256\" height=\"256\" src=\"https:\/\/asc-com.de\/wp-content\/uploads\/2022\/03\/startup.png\" class=\"elementor-animation-grow attachment-full size-full\" alt=\"\" \/><\/figure><div class=\"elementor-image-box-content\"><h3 class=\"elementor-image-box-title\">Umbauten<\/h3><p class=\"elementor-image-box-description\">Fristgerechter und Professioneller Umbau<\/p><\/div><\/div>\t\t<\/div>\n\t\t\t\t<\/div>\n\t\t\t\t<div class=\"elementor-element elementor-element-006fe16 elementor-align-center elementor-widget elementor-widget-button\" data-id=\"006fe16\" data-element_type=\"widget\" data-widget_type=\"button.default\">\n\t\t\t\t<div class=\"elementor-widget-container\">\n\t\t\t\t\t<div class=\"elementor-button-wrapper\">\n\t\t\t<a href=\"#\" class=\"elementor-button-link elementor-button elementor-size-sm elementor-animation-shrink\" role=\"button\">\n\t\t\t\t\t\t<span class=\"elementor-button-content-wrapper\">\n\t\t\t\t\t\t<span class=\"elementor-button-text\">Hier Klicken<\/span>\n\t\t<\/span>\n\t\t\t\t\t<\/a>\n\t\t<\/div>\n\t\t\t\t<\/div>\n\t\t\t\t<\/div>\n\t\t\t\t\t<\/div>\n\t\t<\/div>\n\t\t\t\t\t\t\t<\/div>\n\t\t<\/section>\n\t\t\t\t\t<\/div>\n\t\t<\/div>\n\t\t\t\t\t\t\t<\/div>\n\t\t<\/section>\n\t\t\t\t\t\t\t<\/div>\n\t\t","protected":false},"excerpt":{"rendered":"<p>Leistungen Planung Professionelle IT-TK Fachplanungen Hier Klicken Baubegleitung Baubegleitung Ihrer Umbauprojekte Hier Klicken Umbauten Fristgerechter und Professioneller Umbau Hier Klicken<\/p>\n","protected":false},"author":1,"featured_media":0,"parent":0,"menu_order":0,"comment_status":"closed","ping_status":"closed","template":"","meta":{"footnotes":""},"class_list":["post-46","page","type-page","status-publish","hentry","entry"],"yoast_head":"<!-- This site is optimized with the Yoast SEO plugin v19.7.1 - https:\/\/yoast.com\/wordpress\/plugins\/seo\/ -->\n<title>Home - ASC Sachverst\u00e4ndigenb\u00fcro<\/title>\n<meta name=\"robots\" content=\"index, follow, max-snippet:-1, max-image-preview:large, max-video-preview:-1\" \/>\n<link rel=\"canonical\" href=\"https:\/\/asc-com.de\/\" \/>\n<meta property=\"og:locale\" content=\"de_DE\" \/>\n<meta property=\"og:type\" content=\"article\" \/>\n<meta property=\"og:title\" content=\"Home - ASC Sachverst\u00e4ndigenb\u00fcro\" \/>\n<meta property=\"og:description\" content=\"Leistungen Planung Professionelle IT-TK Fachplanungen Hier Klicken Baubegleitung Baubegleitung Ihrer Umbauprojekte Hier Klicken Umbauten Fristgerechter und Professioneller Umbau Hier Klicken\" \/>\n<meta property=\"og:url\" content=\"https:\/\/asc-com.de\/\" \/>\n<meta property=\"og:site_name\" content=\"ASC Sachverst\u00e4ndigenb\u00fcro\" \/>\n<meta property=\"article:modified_time\" content=\"2022-03-23T14:21:42+00:00\" \/>\n<meta property=\"og:image\" content=\"https:\/\/asc-com.de\/wp-content\/uploads\/2022\/03\/Slide1.jpg\" \/>\n<meta name=\"twitter:card\" content=\"summary_large_image\" \/>\n<meta name=\"twitter:label1\" content=\"Gesch\u00e4tzte Lesezeit\" \/>\n\t<meta name=\"twitter:data1\" content=\"1\u00a0Minute\" \/>\n<script type=\"application\/ld+json\" class=\"yoast-schema-graph\">{\"@context\":\"https:\/\/schema.org\",\"@graph\":[{\"@type\":\"WebPage\",\"@id\":\"https:\/\/asc-com.de\/\",\"url\":\"https:\/\/asc-com.de\/\",\"name\":\"Home - ASC Sachverst\u00e4ndigenb\u00fcro\",\"isPartOf\":{\"@id\":\"https:\/\/asc-com.de\/#website\"},\"datePublished\":\"2022-03-23T09:03:07+00:00\",\"dateModified\":\"2022-03-23T14:21:42+00:00\",\"breadcrumb\":{\"@id\":\"https:\/\/asc-com.de\/#breadcrumb\"},\"inLanguage\":\"de\",\"potentialAction\":[{\"@type\":\"ReadAction\",\"target\":[\"https:\/\/asc-com.de\/\"]}]},{\"@type\":\"BreadcrumbList\",\"@id\":\"https:\/\/asc-com.de\/#breadcrumb\",\"itemListElement\":[{\"@type\":\"ListItem\",\"position\":1,\"name\":\"Startseite\",\"item\":\"https:\/\/asc-com.de\/\"},{\"@type\":\"ListItem\",\"position\":2,\"name\":\"Home\"}]},{\"@type\":\"WebSite\",\"@id\":\"https:\/\/asc-com.de\/#website\",\"url\":\"https:\/\/asc-com.de\/\",\"name\":\"ASC Sachverst\u00e4ndigenb\u00fcro\",\"description\":\"Fachgerecht und Passgenau - Pr\u00e4zise Planung, Beratung und Umsetzung\",\"publisher\":{\"@id\":\"https:\/\/asc-com.de\/#organization\"},\"potentialAction\":[{\"@type\":\"SearchAction\",\"target\":{\"@type\":\"EntryPoint\",\"urlTemplate\":\"https:\/\/asc-com.de\/?s={search_term_string}\"},\"query-input\":\"required name=search_term_string\"}],\"inLanguage\":\"de\"},{\"@type\":\"Organization\",\"@id\":\"https:\/\/asc-com.de\/#organization\",\"name\":\"ASC Sachverst\u00e4ndigenb\u00fcro\",\"url\":\"https:\/\/asc-com.de\/\",\"sameAs\":[],\"logo\":{\"@type\":\"ImageObject\",\"inLanguage\":\"de\",\"@id\":\"https:\/\/asc-com.de\/#\/schema\/logo\/image\/\",\"url\":\"https:\/\/asc-com.de\/wp-content\/uploads\/2022\/03\/ASC_Bild_randlos_ohne.jpg\",\"contentUrl\":\"https:\/\/asc-com.de\/wp-content\/uploads\/2022\/03\/ASC_Bild_randlos_ohne.jpg\",\"width\":1913,\"height\":614,\"caption\":\"ASC Sachverst\u00e4ndigenb\u00fcro\"},\"image\":{\"@id\":\"https:\/\/asc-com.de\/#\/schema\/logo\/image\/\"}}]}<\/script>\n<!-- \/ Yoast SEO plugin. -->","yoast_head_json":{"title":"Home - ASC Sachverst\u00e4ndigenb\u00fcro","robots":{"index":"index","follow":"follow","max-snippet":"max-snippet:-1","max-image-preview":"max-image-preview:large","max-video-preview":"max-video-preview:-1"},"canonical":"https:\/\/asc-com.de\/","og_locale":"de_DE","og_type":"article","og_title":"Home - ASC Sachverst\u00e4ndigenb\u00fcro","og_description":"Leistungen Planung Professionelle IT-TK Fachplanungen Hier Klicken Baubegleitung Baubegleitung Ihrer Umbauprojekte Hier Klicken Umbauten Fristgerechter und Professioneller Umbau Hier Klicken","og_url":"https:\/\/asc-com.de\/","og_site_name":"ASC Sachverst\u00e4ndigenb\u00fcro","article_modified_time":"2022-03-23T14:21:42+00:00","og_image":[{"url":"https:\/\/asc-com.de\/wp-content\/uploads\/2022\/03\/Slide1.jpg"}],"twitter_card":"summary_large_image","twitter_misc":{"Gesch\u00e4tzte Lesezeit":"1\u00a0Minute"},"schema":{"@context":"https:\/\/schema.org","@graph":[{"@type":"WebPage","@id":"https:\/\/asc-com.de\/","url":"https:\/\/asc-com.de\/","name":"Home - ASC Sachverst\u00e4ndigenb\u00fcro","isPartOf":{"@id":"https:\/\/asc-com.de\/#website"},"datePublished":"2022-03-23T09:03:07+00:00","dateModified":"2022-03-23T14:21:42+00:00","breadcrumb":{"@id":"https:\/\/asc-com.de\/#breadcrumb"},"inLanguage":"de","potentialAction":[{"@type":"ReadAction","target":["https:\/\/asc-com.de\/"]}]},{"@type":"BreadcrumbList","@id":"https:\/\/asc-com.de\/#breadcrumb","itemListElement":[{"@type":"ListItem","position":1,"name":"Startseite","item":"https:\/\/asc-com.de\/"},{"@type":"ListItem","position":2,"name":"Home"}]},{"@type":"WebSite","@id":"https:\/\/asc-com.de\/#website","url":"https:\/\/asc-com.de\/","name":"ASC Sachverst\u00e4ndigenb\u00fcro","description":"Fachgerecht und Passgenau - Pr\u00e4zise Planung, Beratung und Umsetzung","publisher":{"@id":"https:\/\/asc-com.de\/#organization"},"potentialAction":[{"@type":"SearchAction","target":{"@type":"EntryPoint","urlTemplate":"https:\/\/asc-com.de\/?s={search_term_string}"},"query-input":"required name=search_term_string"}],"inLanguage":"de"},{"@type":"Organization","@id":"https:\/\/asc-com.de\/#organization","name":"ASC Sachverst\u00e4ndigenb\u00fcro","url":"https:\/\/asc-com.de\/","sameAs":[],"logo":{"@type":"ImageObject","inLanguage":"de","@id":"https:\/\/asc-com.de\/#\/schema\/logo\/image\/","url":"https:\/\/asc-com.de\/wp-content\/uploads\/2022\/03\/ASC_Bild_randlos_ohne.jpg","contentUrl":"https:\/\/asc-com.de\/wp-content\/uploads\/2022\/03\/ASC_Bild_randlos_ohne.jpg","width":1913,"height":614,"caption":"ASC Sachverst\u00e4ndigenb\u00fcro"},"image":{"@id":"https:\/\/asc-com.de\/#\/schema\/logo\/image\/"}}]}},"_links":{"self":[{"href":"https:\/\/asc-com.de\/index.php\/wp-json\/wp\/v2\/pages\/46","targetHints":{"allow":["GET"]}}],"collection":[{"href":"https:\/\/asc-com.de\/index.php\/wp-json\/wp\/v2\/pages"}],"about":[{"href":"https:\/\/asc-com.de\/index.php\/wp-json\/wp\/v2\/types\/page"}],"author":[{"embeddable":true,"href":"https:\/\/asc-com.de\/index.php\/wp-json\/wp\/v2\/users\/1"}],"replies":[{"embeddable":true,"href":"https:\/\/asc-com.de\/index.php\/wp-json\/wp\/v2\/comments?post=46"}],"version-history":[{"count":40,"href":"https:\/\/asc-com.de\/index.php\/wp-json\/wp\/v2\/pages\/46\/revisions"}],"predecessor-version":[{"id":174,"href":"https:\/\/asc-com.de\/index.php\/wp-json\/wp\/v2\/pages\/46\/revisions\/174"}],"wp:attachment":[{"href":"https:\/\/asc-com.de\/index.php\/wp-json\/wp\/v2\/media?parent=46"}],"curies":[{"name":"wp","href":"https:\/\/api.w.org\/{rel}","templated":true}]}}