{"id":12,"date":"2022-03-23T08:22:50","date_gmt":"2022-03-23T08:22:50","guid":{"rendered":"https:\/\/asc-com.de\/?page_id=12"},"modified":"2022-03-23T08:22:54","modified_gmt":"2022-03-23T08:22:54","slug":"impressum","status":"publish","type":"page","link":"https:\/\/asc-com.de\/index.php\/impressum\/","title":{"rendered":"Impressum"},"content":{"rendered":"\n<p><\/p>\n\n\n\n<p>ASC Sacherst\u00e4ndigenb\u00fcro f\u00fcr IT und Datenschutz<br>Inhaber: Achim Schraa<br>Wiesenstrasse 15<br>53332 Bornheim bei Bonn<br>Deutschland | Germany<\/p>\n\n\n\n<p>Telefon +49 (0)2222 96440<br>Telefax +49 (0)2222 964444<\/p>\n\n\n\n<p>E-Mail: <a href=\"mailto:info@asc-com.de\">info@asc-com.de<\/a><br>Homepage: www.asc-com.de<\/p>\n\n\n\n<p>Umsatzsteuer-Identifikationsnummer gem\u00e4\u00df \u00a7 27 a Umsatzsteuergesetz: DE192373856<\/p>\n\n\n\n<p>Verantwortlicher i.S.d. \u00a7 5 TMG &#8211; 55 Abs. 2 RStV: Achim Schraa (Anschrift wie oben)<\/p>\n\n\n\n<p>Die verwendeten Produktnamen sind Handelsmarken und Markennamen der jeweiligen Hersteller.<br>Jede Verwendung von Texten, Bildern, Grafiken, Programmcodes bedarf der schriftlichen Genehmigung der ASC Kommunikationssysteme.<\/p>\n\n\n\n<p>Haftungsausschluss<\/p>\n\n\n\n<p>1. Verweise und Links<br>Sofern auf Verweisziele (&#8222;Links&#8220;) direkt oder indirekt verwiesen wird, die au\u00dferhalb des Verantwortungsbereiches der Redaktion liegen, haftet diese nur dann, wenn sie von den Inhalten Kenntnis hat und es ihr technisch m\u00f6glich und zumutbar w\u00e4re, die Nutzung im Falle rechtswidriger Inhalte zu verhindern. F\u00fcr dar\u00fcber hinausgehende Inhalte und insbesondere f\u00fcr Sch\u00e4den, die aus der Nutzung oder Nichtnutzung solcherart dargebotener Informationen entstehen, haftet allein der Anbieter der Seite, auf welche verwiesen wurde, nicht derjenige, der \u00fcber Links auf die jeweilige Ver\u00f6ffentlichung lediglich verweist. Diese Einschr\u00e4nkung gilt gleicherma\u00dfen auch f\u00fcr Fremdeintr\u00e4ge in das G\u00e4stebuch.<\/p>\n\n\n\n<p>2. Urheberrecht<br>ASC Kommunikationssysteme ist bestrebt, in allen Publikationen die Urheberrechte der verwendeten Grafiken, Sounds und Texte zu beachten. Sollte sich auf den jeweiligen Seiten dennoch eine ungekennzeichnete, aber durch fremdes Copyright gesch\u00fctzte Grafik, ein Tondokument, eine Videosequenz oder Text befinden, so wird die Redaktion den Inhalt nach Benachrichtigung aus der Publikation entfernen bzw. mit dem entsprechenden Copyright kenntlich machen. Das Copyright f\u00fcr ver\u00f6ffentlichte, von ASC Kommunikationssysteme selbst erstellte Objekte bleibt allein bei ASC Kommunikationssysteme. Eine Vervielf\u00e4ltigung oder Verwendung solcher Grafiken, Sounds oder Texte in anderen elektronischen oder gedruckten Publikationen ist ohne ausdr\u00fcckliche vorherige Genehmigung von ASC Kommunikationssysteme nicht gestattet.<\/p>\n\n\n\n<p>3. Rechtswirksamkeit dieses Haftungsausschlusses<br>Sofern Teile oder einzelne Formulierungen dieses Textes der geltenden Rechtslage nicht, nicht mehr oder nicht vollst\u00e4ndig entsprechen sollten, bleiben die \u00fcbrigen Teile des Dokumentes in ihrem Inhalt und ihrer G\u00fcltigkeit davon unber\u00fchrt.<\/p>\n","protected":false},"excerpt":{"rendered":"<p>ASC Sacherst\u00e4ndigenb\u00fcro f\u00fcr IT und DatenschutzInhaber: Achim SchraaWiesenstrasse 1553332 Bornheim bei BonnDeutschland | Germany Telefon +49 (0)2222 96440Telefax +49 (0)2222 964444 E-Mail: info@asc-com.deHomepage: www.asc-com.de Umsatzsteuer-Identifikationsnummer gem\u00e4\u00df \u00a7 27 a Umsatzsteuergesetz: DE192373856 Verantwortlicher i.S.d. \u00a7 5 TMG &#8211; 55 Abs. 2 RStV: Achim Schraa (Anschrift wie oben) Die verwendeten Produktnamen sind Handelsmarken und Markennamen der jeweiligen [&hellip;]<\/p>\n","protected":false},"author":1,"featured_media":0,"parent":0,"menu_order":0,"comment_status":"closed","ping_status":"closed","template":"","meta":{"footnotes":""},"class_list":["post-12","page","type-page","status-publish","hentry","entry"],"yoast_head":"<!-- This site is optimized with the Yoast SEO plugin v19.7.1 - https:\/\/yoast.com\/wordpress\/plugins\/seo\/ -->\n<title>Impressum - ASC Sachverst\u00e4ndigenb\u00fcro<\/title>\n<meta name=\"robots\" content=\"index, follow, max-snippet:-1, max-image-preview:large, max-video-preview:-1\" \/>\n<link rel=\"canonical\" href=\"https:\/\/asc-com.de\/index.php\/impressum\/\" \/>\n<meta property=\"og:locale\" content=\"de_DE\" \/>\n<meta property=\"og:type\" content=\"article\" \/>\n<meta property=\"og:title\" content=\"Impressum - ASC Sachverst\u00e4ndigenb\u00fcro\" \/>\n<meta property=\"og:description\" content=\"ASC Sacherst\u00e4ndigenb\u00fcro f\u00fcr IT und DatenschutzInhaber: Achim SchraaWiesenstrasse 1553332 Bornheim bei BonnDeutschland | Germany Telefon +49 (0)2222 96440Telefax +49 (0)2222 964444 E-Mail: info@asc-com.deHomepage: www.asc-com.de Umsatzsteuer-Identifikationsnummer gem\u00e4\u00df \u00a7 27 a Umsatzsteuergesetz: DE192373856 Verantwortlicher i.S.d. \u00a7 5 TMG &#8211; 55 Abs. 2 RStV: Achim Schraa (Anschrift wie oben) Die verwendeten Produktnamen sind Handelsmarken und Markennamen der jeweiligen [&hellip;]\" \/>\n<meta property=\"og:url\" content=\"https:\/\/asc-com.de\/index.php\/impressum\/\" \/>\n<meta property=\"og:site_name\" content=\"ASC Sachverst\u00e4ndigenb\u00fcro\" \/>\n<meta property=\"article:modified_time\" content=\"2022-03-23T08:22:54+00:00\" \/>\n<meta name=\"twitter:card\" content=\"summary_large_image\" \/>\n<meta name=\"twitter:label1\" content=\"Gesch\u00e4tzte Lesezeit\" \/>\n\t<meta name=\"twitter:data1\" content=\"2\u00a0Minuten\" \/>\n<script type=\"application\/ld+json\" class=\"yoast-schema-graph\">{\"@context\":\"https:\/\/schema.org\",\"@graph\":[{\"@type\":\"WebPage\",\"@id\":\"https:\/\/asc-com.de\/index.php\/impressum\/\",\"url\":\"https:\/\/asc-com.de\/index.php\/impressum\/\",\"name\":\"Impressum - ASC Sachverst\u00e4ndigenb\u00fcro\",\"isPartOf\":{\"@id\":\"https:\/\/asc-com.de\/#website\"},\"datePublished\":\"2022-03-23T08:22:50+00:00\",\"dateModified\":\"2022-03-23T08:22:54+00:00\",\"breadcrumb\":{\"@id\":\"https:\/\/asc-com.de\/index.php\/impressum\/#breadcrumb\"},\"inLanguage\":\"de\",\"potentialAction\":[{\"@type\":\"ReadAction\",\"target\":[\"https:\/\/asc-com.de\/index.php\/impressum\/\"]}]},{\"@type\":\"BreadcrumbList\",\"@id\":\"https:\/\/asc-com.de\/index.php\/impressum\/#breadcrumb\",\"itemListElement\":[{\"@type\":\"ListItem\",\"position\":1,\"name\":\"Startseite\",\"item\":\"https:\/\/asc-com.de\/\"},{\"@type\":\"ListItem\",\"position\":2,\"name\":\"Impressum\"}]},{\"@type\":\"WebSite\",\"@id\":\"https:\/\/asc-com.de\/#website\",\"url\":\"https:\/\/asc-com.de\/\",\"name\":\"ASC Sachverst\u00e4ndigenb\u00fcro\",\"description\":\"Fachgerecht und Passgenau - Pr\u00e4zise Planung, Beratung und Umsetzung\",\"publisher\":{\"@id\":\"https:\/\/asc-com.de\/#organization\"},\"potentialAction\":[{\"@type\":\"SearchAction\",\"target\":{\"@type\":\"EntryPoint\",\"urlTemplate\":\"https:\/\/asc-com.de\/?s={search_term_string}\"},\"query-input\":\"required name=search_term_string\"}],\"inLanguage\":\"de\"},{\"@type\":\"Organization\",\"@id\":\"https:\/\/asc-com.de\/#organization\",\"name\":\"ASC Sachverst\u00e4ndigenb\u00fcro\",\"url\":\"https:\/\/asc-com.de\/\",\"sameAs\":[],\"logo\":{\"@type\":\"ImageObject\",\"inLanguage\":\"de\",\"@id\":\"https:\/\/asc-com.de\/#\/schema\/logo\/image\/\",\"url\":\"https:\/\/asc-com.de\/wp-content\/uploads\/2022\/03\/ASC_Bild_randlos_ohne.jpg\",\"contentUrl\":\"https:\/\/asc-com.de\/wp-content\/uploads\/2022\/03\/ASC_Bild_randlos_ohne.jpg\",\"width\":1913,\"height\":614,\"caption\":\"ASC Sachverst\u00e4ndigenb\u00fcro\"},\"image\":{\"@id\":\"https:\/\/asc-com.de\/#\/schema\/logo\/image\/\"}}]}<\/script>\n<!-- \/ Yoast SEO plugin. -->","yoast_head_json":{"title":"Impressum - ASC Sachverst\u00e4ndigenb\u00fcro","robots":{"index":"index","follow":"follow","max-snippet":"max-snippet:-1","max-image-preview":"max-image-preview:large","max-video-preview":"max-video-preview:-1"},"canonical":"https:\/\/asc-com.de\/index.php\/impressum\/","og_locale":"de_DE","og_type":"article","og_title":"Impressum - ASC Sachverst\u00e4ndigenb\u00fcro","og_description":"ASC Sacherst\u00e4ndigenb\u00fcro f\u00fcr IT und DatenschutzInhaber: Achim SchraaWiesenstrasse 1553332 Bornheim bei BonnDeutschland | Germany Telefon +49 (0)2222 96440Telefax +49 (0)2222 964444 E-Mail: info@asc-com.deHomepage: www.asc-com.de Umsatzsteuer-Identifikationsnummer gem\u00e4\u00df \u00a7 27 a Umsatzsteuergesetz: DE192373856 Verantwortlicher i.S.d. \u00a7 5 TMG &#8211; 55 Abs. 2 RStV: Achim Schraa (Anschrift wie oben) Die verwendeten Produktnamen sind Handelsmarken und Markennamen der jeweiligen [&hellip;]","og_url":"https:\/\/asc-com.de\/index.php\/impressum\/","og_site_name":"ASC Sachverst\u00e4ndigenb\u00fcro","article_modified_time":"2022-03-23T08:22:54+00:00","twitter_card":"summary_large_image","twitter_misc":{"Gesch\u00e4tzte Lesezeit":"2\u00a0Minuten"},"schema":{"@context":"https:\/\/schema.org","@graph":[{"@type":"WebPage","@id":"https:\/\/asc-com.de\/index.php\/impressum\/","url":"https:\/\/asc-com.de\/index.php\/impressum\/","name":"Impressum - ASC Sachverst\u00e4ndigenb\u00fcro","isPartOf":{"@id":"https:\/\/asc-com.de\/#website"},"datePublished":"2022-03-23T08:22:50+00:00","dateModified":"2022-03-23T08:22:54+00:00","breadcrumb":{"@id":"https:\/\/asc-com.de\/index.php\/impressum\/#breadcrumb"},"inLanguage":"de","potentialAction":[{"@type":"ReadAction","target":["https:\/\/asc-com.de\/index.php\/impressum\/"]}]},{"@type":"BreadcrumbList","@id":"https:\/\/asc-com.de\/index.php\/impressum\/#breadcrumb","itemListElement":[{"@type":"ListItem","position":1,"name":"Startseite","item":"https:\/\/asc-com.de\/"},{"@type":"ListItem","position":2,"name":"Impressum"}]},{"@type":"WebSite","@id":"https:\/\/asc-com.de\/#website","url":"https:\/\/asc-com.de\/","name":"ASC Sachverst\u00e4ndigenb\u00fcro","description":"Fachgerecht und Passgenau - Pr\u00e4zise Planung, Beratung und Umsetzung","publisher":{"@id":"https:\/\/asc-com.de\/#organization"},"potentialAction":[{"@type":"SearchAction","target":{"@type":"EntryPoint","urlTemplate":"https:\/\/asc-com.de\/?s={search_term_string}"},"query-input":"required name=search_term_string"}],"inLanguage":"de"},{"@type":"Organization","@id":"https:\/\/asc-com.de\/#organization","name":"ASC Sachverst\u00e4ndigenb\u00fcro","url":"https:\/\/asc-com.de\/","sameAs":[],"logo":{"@type":"ImageObject","inLanguage":"de","@id":"https:\/\/asc-com.de\/#\/schema\/logo\/image\/","url":"https:\/\/asc-com.de\/wp-content\/uploads\/2022\/03\/ASC_Bild_randlos_ohne.jpg","contentUrl":"https:\/\/asc-com.de\/wp-content\/uploads\/2022\/03\/ASC_Bild_randlos_ohne.jpg","width":1913,"height":614,"caption":"ASC Sachverst\u00e4ndigenb\u00fcro"},"image":{"@id":"https:\/\/asc-com.de\/#\/schema\/logo\/image\/"}}]}},"_links":{"self":[{"href":"https:\/\/asc-com.de\/index.php\/wp-json\/wp\/v2\/pages\/12","targetHints":{"allow":["GET"]}}],"collection":[{"href":"https:\/\/asc-com.de\/index.php\/wp-json\/wp\/v2\/pages"}],"about":[{"href":"https:\/\/asc-com.de\/index.php\/wp-json\/wp\/v2\/types\/page"}],"author":[{"embeddable":true,"href":"https:\/\/asc-com.de\/index.php\/wp-json\/wp\/v2\/users\/1"}],"replies":[{"embeddable":true,"href":"https:\/\/asc-com.de\/index.php\/wp-json\/wp\/v2\/comments?post=12"}],"version-history":[{"count":2,"href":"https:\/\/asc-com.de\/index.php\/wp-json\/wp\/v2\/pages\/12\/revisions"}],"predecessor-version":[{"id":15,"href":"https:\/\/asc-com.de\/index.php\/wp-json\/wp\/v2\/pages\/12\/revisions\/15"}],"wp:attachment":[{"href":"https:\/\/asc-com.de\/index.php\/wp-json\/wp\/v2\/media?parent=12"}],"curies":[{"name":"wp","href":"https:\/\/api.w.org\/{rel}","templated":true}]}}